{"id":1125,"date":"2022-11-25T13:40:07","date_gmt":"2022-11-25T13:40:07","guid":{"rendered":"http:\/\/muriely.cluster031.hosting.ovh.net\/a\/?page_id=1125"},"modified":"2022-11-25T13:46:28","modified_gmt":"2022-11-25T13:46:28","slug":"depot-de-marque","status":"publish","type":"page","link":"https:\/\/www.murielle-cahen.com\/a\/depot-de-marque\/","title":{"rendered":"D\u00e9p\u00f4t de Marque"},"content":{"rendered":"\n<div class=\"wp-block-columns is-layout-flex wp-container-core-columns-is-layout-9d6595d7 wp-block-columns-is-layout-flex\">\n<div class=\"wp-block-column is-layout-flow wp-block-column-is-layout-flow\">\n<p class=\"has-small-font-size\"><strong>La marque est le signe distinctif qui repr\u00e9sente vos produits ou services. Cela peut \u00eatre un nom ou un dessin. En prot\u00e9geant votre marque vous garantissez \u00e0 votre entreprise la bonne conduite de ses activit\u00e9s.<\/strong><br>Il est indispensable aujourd&#8217;hui pour prot\u00e9ger sa marque de la d\u00e9poser. En effet, il reste peu de pays qui reconnaissent un droit de propri\u00e9t\u00e9 bas\u00e9 sur un simple usage.<br>Notre exp\u00e9rience nous permet de constituer les dossiers de d\u00e9p\u00f4t et d&#8217;agir en tant que mandataires pour les d\u00e9p\u00f4ts en France et au niveau international.<br>Il faut que vous puissiez avoir des preuves pour faire valoir vos droits .<\/p>\n\n\n\n<p class=\"has-small-font-size\">Le Cabinet peut se charger, \u00e0 votre place, du d\u00e9p\u00f4t de vos marques.<\/p>\n<\/div>\n\n\n\n<div class=\"wp-block-column has-small-font-size is-layout-flow wp-block-column-is-layout-flow\">\n<p><strong>SUR LE PLAN :<\/strong><\/p>\n\n\n\n<ul class=\"has-small-font-size wp-block-list\">\n<li>Fran\u00e7ais<\/li>\n\n\n\n<li>Europ\u00e9en<\/li>\n\n\n\n<li>International<\/li>\n<\/ul>\n<\/div>\n<\/div>\n\n\n\n<p class=\"has-small-font-size\"><strong>Vous \u00eates int\u00e9ress\u00e9 ? Remplissez la demande d&#8217;avis <\/strong><\/p>\n\n\n\n<p class=\"has-small-font-size\">Nous vous contacterons au plus vite pour \u00e9tudier avec vous la meilleure formule pour votre demande et vous adresserons un devis gratuit. ((*) : champs obligatoires).<\/p>\n\n\n\n<p class=\"has-small-font-size\">\n<div class=\"wpcf7 no-js\" id=\"wpcf7-f1127-o1\" lang=\"fr-FR\" dir=\"ltr\" data-wpcf7-id=\"1127\">\n<div class=\"screen-reader-response\"><p role=\"status\" aria-live=\"polite\" aria-atomic=\"true\"><\/p> <ul><\/ul><\/div>\n<form action=\"\/a\/wp-json\/wp\/v2\/pages\/1125#wpcf7-f1127-o1\" method=\"post\" class=\"wpcf7-form init\" aria-label=\"Formulaire de contact\" novalidate=\"novalidate\" data-status=\"init\">\n<fieldset class=\"hidden-fields-container\"><input type=\"hidden\" name=\"_wpcf7\" value=\"1127\" \/><input type=\"hidden\" name=\"_wpcf7_version\" value=\"6.1.5\" \/><input type=\"hidden\" name=\"_wpcf7_locale\" value=\"fr_FR\" \/><input type=\"hidden\" name=\"_wpcf7_unit_tag\" value=\"wpcf7-f1127-o1\" \/><input type=\"hidden\" name=\"_wpcf7_container_post\" value=\"0\" \/><input type=\"hidden\" name=\"_wpcf7_posted_data_hash\" value=\"\" \/><input type=\"hidden\" name=\"_wpcf7_recaptcha_response\" value=\"\" \/>\n<\/fieldset>\n<p><label><span> Nom(*) <\/span><span class=\"wpcf7-form-control-wrap\" data-name=\"Nom\"><input size=\"40\" maxlength=\"400\" class=\"wpcf7-form-control wpcf7-text wpcf7-validates-as-required\" aria-required=\"true\" aria-invalid=\"false\" value=\"\" type=\"text\" name=\"Nom\" \/><\/span> <\/label><br \/>\n<label><span> Pr\u00e9nom(*) <\/span><span class=\"wpcf7-form-control-wrap\" data-name=\"Prenom\"><input size=\"40\" maxlength=\"400\" class=\"wpcf7-form-control wpcf7-text wpcf7-validates-as-required\" aria-required=\"true\" aria-invalid=\"false\" value=\"\" type=\"text\" name=\"Prenom\" \/><\/span> <\/label><br \/>\n<label><span> Raison sociale <\/span><span class=\"wpcf7-form-control-wrap\" data-name=\"Societe\"><input size=\"40\" maxlength=\"400\" class=\"wpcf7-form-control wpcf7-text\" aria-invalid=\"false\" value=\"\" type=\"text\" name=\"Societe\" \/><\/span> <\/label><br \/>\n<label><span> Nb salari\u00e9s <\/span><span class=\"wpcf7-form-control-wrap\" data-name=\"NbSalaries\"><input class=\"wpcf7-form-control wpcf7-number wpcf7-validates-as-number\" aria-invalid=\"false\" value=\"\" type=\"number\" name=\"NbSalaries\" \/><\/span> <\/label><br \/>\n<label><span> Adresse(*) <\/span><span class=\"wpcf7-form-control-wrap\" data-name=\"Adresse\"><input size=\"40\" maxlength=\"400\" class=\"wpcf7-form-control wpcf7-text wpcf7-validates-as-required\" aria-required=\"true\" aria-invalid=\"false\" value=\"\" type=\"text\" name=\"Adresse\" \/><\/span> <\/label><br \/>\n<label><span> Code postal(*) <\/span><span class=\"wpcf7-form-control-wrap\" data-name=\"CP\"><input size=\"40\" maxlength=\"400\" class=\"wpcf7-form-control wpcf7-text wpcf7-validates-as-required\" aria-required=\"true\" aria-invalid=\"false\" value=\"\" type=\"text\" name=\"CP\" \/><\/span> <\/label><br \/>\n<label><span> Ville(*) <\/span><span class=\"wpcf7-form-control-wrap\" data-name=\"Ville\"><input size=\"40\" maxlength=\"400\" class=\"wpcf7-form-control wpcf7-text wpcf7-validates-as-required\" aria-required=\"true\" aria-invalid=\"false\" value=\"\" type=\"text\" name=\"Ville\" \/><\/span> <\/label><br \/>\n<label><span> Pays <\/span><span class=\"wpcf7-form-control-wrap\" data-name=\"Pays\"><select class=\"wpcf7-form-control wpcf7-select\" aria-invalid=\"false\" name=\"Pays\"><option value=\"France (sauf DOM-TOM)\">France (sauf DOM-TOM)<\/option><option value=\"Afghanistan\">Afghanistan<\/option><option value=\"Afrique du Sud\">Afrique du Sud<\/option><option value=\"Albanie\">Albanie<\/option><option value=\"Alg\u00e9rie\">Alg\u00e9rie<\/option><option value=\"Allemagne\">Allemagne<\/option><option value=\"Andorre\">Andorre<\/option><option value=\"Angola\">Angola<\/option><option value=\"Anguilla\">Anguilla<\/option><option value=\"Antarctique\">Antarctique<\/option><option value=\"Antigua et Barbuda\">Antigua et Barbuda<\/option><option value=\"Arabie Saoudite\">Arabie Saoudite<\/option><option value=\"Argentine\">Argentine<\/option><option value=\"Arm\u00e9nie\">Arm\u00e9nie<\/option><option value=\"Aruba\">Aruba<\/option><option value=\"Australie\">Australie<\/option><option value=\"Autriche\">Autriche<\/option><option value=\"Azerba\u00efdjan\">Azerba\u00efdjan<\/option><option value=\"Bahamas\">Bahamas<\/option><option value=\"Bahre\u00efn\">Bahre\u00efn<\/option><option value=\"Bangladesh\">Bangladesh<\/option><option value=\"Barbade\">Barbade<\/option><option value=\"Belarus\">Belarus<\/option><option value=\"Belgique\">Belgique<\/option><option value=\"Belize\">Belize<\/option><option value=\"B\u00e9nin\">B\u00e9nin<\/option><option value=\"Bermudes\">Bermudes<\/option><option value=\"Bhoutan\">Bhoutan<\/option><option value=\"Bolivie\">Bolivie<\/option><option value=\"Bosnie Herz\u00e9govine\">Bosnie Herz\u00e9govine<\/option><option value=\"Botswana\">Botswana<\/option><option value=\"Ile Bouvet\">Ile Bouvet<\/option><option value=\"Br\u00e9sil\">Br\u00e9sil<\/option><option value=\"Terr. Brit. Oc\u00e9an Ind.\">Terr. Brit. Oc\u00e9an Ind.<\/option><option value=\"Brunei\">Brunei<\/option><option value=\"Bulgarie\">Bulgarie<\/option><option value=\"Burkina Faso\">Burkina Faso<\/option><option value=\"Burundi\">Burundi<\/option><option value=\"Cambodge\">Cambodge<\/option><option value=\"Cameroun\">Cameroun<\/option><option value=\"Canada\">Canada<\/option><option value=\"Cap Vert\">Cap Vert<\/option><option value=\"Iles Ca\u00efmans\">Iles Ca\u00efmans<\/option><option value=\"R\u00e9p. Afrique Centrale\">R\u00e9p. Afrique Centrale<\/option><option value=\"Chili\">Chili<\/option><option value=\"Chine\">Chine<\/option><option value=\"Ile Christmas\">Ile Christmas<\/option><option value=\"Chypre\">Chypre<\/option><option value=\"Iles Cocos\">Iles Cocos<\/option><option value=\"Colombie\">Colombie<\/option><option value=\"Comores\">Comores<\/option><option value=\"Congo\">Congo<\/option><option value=\"Iles Cook\">Iles Cook<\/option><option value=\"Cor\u00e9e, R\u00e9p. Populaire\">Cor\u00e9e, R\u00e9p. Populaire<\/option><option value=\"Cor\u00e9e\">Cor\u00e9e<\/option><option value=\"Costa Rica\">Costa Rica<\/option><option value=\"C\u00f4te d&#039;Ivoire\">C\u00f4te d&#039;Ivoire<\/option><option value=\"Croatie (Hrvatska)\">Croatie (Hrvatska)<\/option><option value=\"Cuba\">Cuba<\/option><option value=\"Danemark\">Danemark<\/option><option value=\"Djibouti\">Djibouti<\/option><option value=\"Dominique\">Dominique<\/option><option value=\"R\u00e9p. Dominicaine\">R\u00e9p. Dominicaine<\/option><option value=\"Egypte\">Egypte<\/option><option value=\"El Salvador\">El Salvador<\/option><option value=\"Emirats Arabes Unis\">Emirats Arabes Unis<\/option><option value=\"Equateur\">Equateur<\/option><option value=\"Erythr\u00e9e\">Erythr\u00e9e<\/option><option value=\"Espagne\">Espagne<\/option><option value=\"Estonie\">Estonie<\/option><option value=\"Etats-Unis\">Etats-Unis<\/option><option value=\"Iles p\u00e9riph. min., USA\">Iles p\u00e9riph. min., USA<\/option><option value=\"Ethiopie\">Ethiopie<\/option><option value=\"Falkland-Malouines\">Falkland-Malouines<\/option><option value=\"Iles Faeroe\">Iles Faeroe<\/option><option value=\"Fidji\">Fidji<\/option><option value=\"Finlande\">Finlande<\/option><option value=\"Gabon\">Gabon<\/option><option value=\"Gambie\">Gambie<\/option><option value=\"G\u00e9orgie\">G\u00e9orgie<\/option><option value=\"Ghana\">Ghana<\/option><option value=\"Gibraltar\">Gibraltar<\/option><option value=\"Gr\u00e8ce\">Gr\u00e8ce<\/option><option value=\"Groenland\">Groenland<\/option><option value=\"Grenade\">Grenade<\/option><option value=\"Guadeloupe\">Guadeloupe<\/option><option value=\"Guam\">Guam<\/option><option value=\"Guatemala\">Guatemala<\/option><option value=\"Guin\u00e9e\">Guin\u00e9e<\/option><option value=\"Guin\u00e9e-Bissau\">Guin\u00e9e-Bissau<\/option><option value=\"Guin\u00e9e Equatoriale\">Guin\u00e9e Equatoriale<\/option><option value=\"Guyana\">Guyana<\/option><option value=\"Guyane Fran\u00e7aise\">Guyane Fran\u00e7aise<\/option><option value=\"Ha\u00efti\">Ha\u00efti<\/option><option value=\"Iles Heard McDonald\">Iles Heard McDonald<\/option><option value=\"Honduras\">Honduras<\/option><option value=\"Hong Kong\">Hong Kong<\/option><option value=\"Hongrie\">Hongrie<\/option><option value=\"Inde\">Inde<\/option><option value=\"Indon\u00e9sie\">Indon\u00e9sie<\/option><option value=\"Iran\">Iran<\/option><option value=\"Iraq\">Iraq<\/option><option value=\"Irlande\">Irlande<\/option><option value=\"Islande\">Islande<\/option><option value=\"Isra\u00ebl\">Isra\u00ebl<\/option><option value=\"Italie\">Italie<\/option><option value=\"Jama\u00efque\">Jama\u00efque<\/option><option value=\"Japon\">Japon<\/option><option value=\"Jordanie\">Jordanie<\/option><option value=\"Kazakhstan\">Kazakhstan<\/option><option value=\"Kenya\">Kenya<\/option><option value=\"Kirghizistan\">Kirghizistan<\/option><option value=\"Kiribati\">Kiribati<\/option><option value=\"Kowe\u00eft\">Kowe\u00eft<\/option><option value=\"Laos\">Laos<\/option><option value=\"Lesotho\">Lesotho<\/option><option value=\"Lettonie\">Lettonie<\/option><option value=\"Liban\">Liban<\/option><option value=\"Liberia\">Liberia<\/option><option value=\"Libye\">Libye<\/option><option value=\"Liechtenstein\">Liechtenstein<\/option><option value=\"Lituanie\">Lituanie<\/option><option value=\"Luxembourg\">Luxembourg<\/option><option value=\"Macao\">Macao<\/option><option value=\"Mac\u00e9doine\">Mac\u00e9doine<\/option><option value=\"Madagascar\">Madagascar<\/option><option value=\"Malawi\">Malawi<\/option><option value=\"Malaisie\">Malaisie<\/option><option value=\"Maldives\">Maldives<\/option><option value=\"Mali\">Mali<\/option><option value=\"Malte\">Malte<\/option><option value=\"Iles Mariannes Sept.\">Iles Mariannes Sept.<\/option><option value=\"Maroc\">Maroc<\/option><option value=\"Iles Marshall\">Iles Marshall<\/option><option value=\"Martinique\">Martinique<\/option><option value=\"Mauritanie\">Mauritanie<\/option><option value=\"Maurice\">Maurice<\/option><option value=\"Mayotte\">Mayotte<\/option><option value=\"Mexique\">Mexique<\/option><option value=\"Micron\u00e9sie\">Micron\u00e9sie<\/option><option value=\"Moldavie\">Moldavie<\/option><option value=\"Monaco\">Monaco<\/option><option value=\"Mongolie\">Mongolie<\/option><option value=\"Montserrat\">Montserrat<\/option><option value=\"Mozambique\">Mozambique<\/option><option value=\"Myanmar\">Myanmar<\/option><option value=\"Namibie\">Namibie<\/option><option value=\"Nauru\">Nauru<\/option><option value=\"N\u00e9pal\">N\u00e9pal<\/option><option value=\"Nicaragua\">Nicaragua<\/option><option value=\"Niger\">Niger<\/option><option value=\"Nigeria\">Nigeria<\/option><option value=\"Niue\">Niue<\/option><option value=\"Ile Norfolk\">Ile Norfolk<\/option><option value=\"Norv\u00e8ge\">Norv\u00e8ge<\/option><option value=\"Nouvelle Cal\u00e9donie\">Nouvelle Cal\u00e9donie<\/option><option value=\"Nouvelle Z\u00e9lande\">Nouvelle Z\u00e9lande<\/option><option value=\"Oman\">Oman<\/option><option value=\"Ouganda\">Ouganda<\/option><option value=\"Ouzb\u00e9kistan\">Ouzb\u00e9kistan<\/option><option value=\"Pakistan\">Pakistan<\/option><option value=\"Palau\">Palau<\/option><option value=\"Panama\">Panama<\/option><option value=\"Papouasie Nouv. Guin\u00e9e\">Papouasie Nouv. Guin\u00e9e<\/option><option value=\"Paraguay\">Paraguay<\/option><option value=\"Pays-Bas\">Pays-Bas<\/option><option value=\"P\u00e9rou\">P\u00e9rou<\/option><option value=\"Philippines\">Philippines<\/option><option value=\"Pitcairn\">Pitcairn<\/option><option value=\"Pologne\">Pologne<\/option><option value=\"Polyn\u00e9sie Fran\u00e7aise\">Polyn\u00e9sie Fran\u00e7aise<\/option><option value=\"Portugal\">Portugal<\/option><option value=\"Porto Rico\">Porto Rico<\/option><option value=\"Qatar\">Qatar<\/option><option value=\"R\u00e9union\">R\u00e9union<\/option><option value=\"Roumanie\">Roumanie<\/option><option value=\"Royaume-Uni\">Royaume-Uni<\/option><option value=\"F\u00e9d\u00e9ration de Russie\">F\u00e9d\u00e9ration de Russie<\/option><option value=\"Rwanda\">Rwanda<\/option><option value=\"Sahara Occidental\">Sahara Occidental<\/option><option value=\"St. Kitts et Nevis\">St. Kitts et Nevis<\/option><option value=\"St. Marin\">St. Marin<\/option><option value=\"St. Pierre et Miquelon\">St. Pierre et Miquelon<\/option><option value=\"St. Vincent Grenadines\">St. Vincent Grenadines<\/option><option value=\"Ste. H\u00e9l\u00e8ne\">Ste. H\u00e9l\u00e8ne<\/option><option value=\"Ste. Lucie\">Ste. Lucie<\/option><option value=\"Iles Salomon\">Iles Salomon<\/option><option value=\"Samoa\">Samoa<\/option><option value=\"Samoa am\u00e9ricaines\">Samoa am\u00e9ricaines<\/option><option value=\"Sao Tome et Principe\">Sao Tome et Principe<\/option><option value=\"S\u00e9n\u00e9gal\">S\u00e9n\u00e9gal<\/option><option value=\"Seychelles\">Seychelles<\/option><option value=\"Sierra Leone\">Sierra Leone<\/option><option value=\"Singapour\">Singapour<\/option><option value=\"Slovaquie\">Slovaquie<\/option><option value=\"Slov\u00e9nie\">Slov\u00e9nie<\/option><option value=\"Somalie\">Somalie<\/option><option value=\"Sri Lanka\">Sri Lanka<\/option><option value=\"Soudan\">Soudan<\/option><option value=\"Su\u00e8de\">Su\u00e8de<\/option><option value=\"Suisse\">Suisse<\/option><option value=\"Surinam\">Surinam<\/option><option value=\"Ile Svalbard Jan Mayen\">Ile Svalbard Jan Mayen<\/option><option value=\"Swaziland\">Swaziland<\/option><option value=\"Syrie\">Syrie<\/option><option value=\"Taiwan\">Taiwan<\/option><option value=\"Tadjikistan\">Tadjikistan<\/option><option value=\"Tanzanie\">Tanzanie<\/option><option value=\"Tchad\">Tchad<\/option><option value=\"R\u00e9p. Tch\u00e8que\">R\u00e9p. Tch\u00e8que<\/option><option value=\"Terres Australes Fr.\">Terres Australes Fr.<\/option><option value=\"Tha\u00eflande\">Tha\u00eflande<\/option><option value=\"Timor Occidental\">Timor Occidental<\/option><option value=\"Togo\">Togo<\/option><option value=\"Tokelau\">Tokelau<\/option><option value=\"Tonga\">Tonga<\/option><option value=\"Trinidad et Tobago\">Trinidad et Tobago<\/option><option value=\"Tunisie\">Tunisie<\/option><option value=\"Turquie\">Turquie<\/option><option value=\"Turkm\u00e9nistan\">Turkm\u00e9nistan<\/option><option value=\"Iles Turks et Caicos\">Iles Turks et Caicos<\/option><option value=\"Tuvalu\">Tuvalu<\/option><option value=\"Ukraine\">Ukraine<\/option><option value=\"Uruguay\">Uruguay<\/option><option value=\"Vanuatu\">Vanuatu<\/option><option value=\"Vatican\">Vatican<\/option><option value=\"Venezuela\">Venezuela<\/option><option value=\"Vi\u00eat-nam\">Vi\u00eat-nam<\/option><option value=\"Iles Vierges (Brit.)\">Iles Vierges (Brit.)<\/option><option value=\"Iles Vierges (USA)\">Iles Vierges (USA)<\/option><option value=\"Iles Wallis et Futuna\">Iles Wallis et Futuna<\/option><option value=\"Y\u00e9men\">Y\u00e9men<\/option><option value=\"Yougoslavie\">Yougoslavie<\/option><option value=\"Za\u00efre\">Za\u00efre<\/option><option value=\"Zambie\">Zambie<\/option><option value=\"Zimbabwe\">Zimbabwe<\/option><\/select><\/span> <\/label><br \/>\n<label><span> N\u00b0 T\u00e9l\u00e9phone(*) <\/span><span class=\"wpcf7-form-control-wrap\" data-name=\"Tel\"><input size=\"40\" maxlength=\"400\" class=\"wpcf7-form-control wpcf7-tel wpcf7-validates-as-required wpcf7-text wpcf7-validates-as-tel\" aria-required=\"true\" aria-invalid=\"false\" value=\"\" type=\"tel\" name=\"Tel\" \/><\/span> <\/label><br \/>\n<label><span> N\u00b0 FAX <\/span><span class=\"wpcf7-form-control-wrap\" data-name=\"Fax\"><input size=\"40\" maxlength=\"400\" class=\"wpcf7-form-control wpcf7-tel wpcf7-text wpcf7-validates-as-tel\" aria-invalid=\"false\" value=\"\" type=\"tel\" name=\"Fax\" \/><\/span> <\/label><br \/>\n<label><span> E-mail(*) <\/span><span class=\"wpcf7-form-control-wrap\" data-name=\"Email\"><input size=\"40\" maxlength=\"400\" class=\"wpcf7-form-control wpcf7-email wpcf7-validates-as-required wpcf7-text wpcf7-validates-as-email\" aria-required=\"true\" aria-invalid=\"false\" value=\"\" type=\"email\" name=\"Email\" \/><\/span> <\/label><br \/>\n<label><span> Adresse du site web(*) <\/span><span class=\"wpcf7-form-control-wrap\" data-name=\"Site\"><textarea cols=\"40\" rows=\"10\" maxlength=\"2000\" class=\"wpcf7-form-control wpcf7-textarea wpcf7-validates-as-required\" aria-required=\"true\" aria-invalid=\"false\" name=\"Site\"><\/textarea><\/span> <\/label><br \/>\n<label><span> Commentaires, Questions, Demandes particuli\u00e8res(*) <\/span><span class=\"wpcf7-form-control-wrap\" data-name=\"Commentaires\"><textarea cols=\"40\" rows=\"10\" maxlength=\"2000\" class=\"wpcf7-form-control wpcf7-textarea wpcf7-validates-as-required\" aria-required=\"true\" aria-invalid=\"false\" name=\"Commentaires\"><\/textarea><\/span> <\/label>\n<\/p>\n<p><label><span><\/span><input class=\"wpcf7-form-control wpcf7-submit has-spinner\" type=\"submit\" value=\"Valider\" \/><\/label>\n<\/p><div class=\"wpcf7-response-output\" aria-hidden=\"true\"><\/div>\n<\/form>\n<\/div>\n<\/p>\n\n\n\n<p><strong><em>Les demandes de devis sont confidentielles.<\/em><\/strong><\/p>\n\n\n\n<p class=\"has-small-font-size\">CNIL N\u00b0 696466. En application de la loi du 6 ao\u00fbt 2004 (\u00ab informatique et libert\u00e9s \u00bb), et du RGPD vous disposez d\u2019un droit d\u2019acc\u00e8s aux informations qui vous concernent et vous pouvez les faire modifier.<br>Informations sur le traitement de vos donn\u00e9es personnelles : pour conna\u00eetre exercer vos droits, notamment de retrait de votre consentement \u00e0 l\u2019utilisation des donn\u00e9es collect\u00e9es par ce formulaire, <a href=\"https:\/\/www.murielle-cahen.com\/ecrire2.asp\">vous pouvez cliquer et lire notre politique concernant les donn\u00e9es personnelles et les cookies.<\/a><\/p>\n\n\n\n<p><a href=\"https:\/\/www.murielle-cahen.com\/p_serviceonline.asp\">retour aux services online<\/a><\/p>\n","protected":false},"excerpt":{"rendered":"<p>La marque est le signe distinctif qui repr\u00e9sente vos produits ou services. Cela peut \u00eatre un nom ou un dessin. En prot\u00e9geant votre marque vous garantissez \u00e0 votre entreprise la bonne conduite de ses activit\u00e9s.Il est indispensable aujourd&#8217;hui pour prot\u00e9ger sa marque de la d\u00e9poser. En effet, il reste peu de pays qui reconnaissent un [&hellip;]<\/p>\n","protected":false},"author":2,"featured_media":0,"parent":0,"menu_order":0,"comment_status":"closed","ping_status":"closed","template":"","meta":{"_acf_changed":false,"footnotes":""},"class_list":["post-1125","page","type-page","status-publish","hentry"],"acf":[],"yoast_head":"<!-- This site is optimized with the Yoast SEO plugin v26.9 - https:\/\/yoast.com\/product\/yoast-seo-wordpress\/ -->\n<title>D\u00e9p\u00f4t de Marque - Avocats Murielle Cahen<\/title>\n<meta name=\"robots\" content=\"index, follow, max-snippet:-1, max-image-preview:large, max-video-preview:-1\" \/>\n<link rel=\"canonical\" href=\"https:\/\/www.murielle-cahen.com\/a\/depot-de-marque\/\" \/>\n<meta property=\"og:locale\" content=\"fr_FR\" \/>\n<meta property=\"og:type\" content=\"article\" \/>\n<meta property=\"og:title\" content=\"D\u00e9p\u00f4t de Marque - Avocats Murielle Cahen\" \/>\n<meta property=\"og:description\" content=\"La marque est le signe distinctif qui repr\u00e9sente vos produits ou services. Cela peut \u00eatre un nom ou un dessin. En prot\u00e9geant votre marque vous garantissez \u00e0 votre entreprise la bonne conduite de ses activit\u00e9s.Il est indispensable aujourd&#8217;hui pour prot\u00e9ger sa marque de la d\u00e9poser. En effet, il reste peu de pays qui reconnaissent un [&hellip;]\" \/>\n<meta property=\"og:url\" content=\"https:\/\/www.murielle-cahen.com\/a\/depot-de-marque\/\" \/>\n<meta property=\"og:site_name\" content=\"Avocats Murielle Cahen\" \/>\n<meta property=\"article:modified_time\" content=\"2022-11-25T13:46:28+00:00\" \/>\n<meta name=\"twitter:card\" content=\"summary_large_image\" \/>\n<meta name=\"twitter:label1\" content=\"Dur\u00e9e de lecture estim\u00e9e\" \/>\n\t<meta name=\"twitter:data1\" content=\"2 minutes\" \/>\n<script type=\"application\/ld+json\" class=\"yoast-schema-graph\">{\"@context\":\"https:\/\/schema.org\",\"@graph\":[{\"@type\":\"WebPage\",\"@id\":\"https:\/\/www.murielle-cahen.com\/a\/depot-de-marque\/\",\"url\":\"https:\/\/www.murielle-cahen.com\/a\/depot-de-marque\/\",\"name\":\"D\u00e9p\u00f4t de Marque - Avocats Murielle Cahen\",\"isPartOf\":{\"@id\":\"https:\/\/www.murielle-cahen.com\/a\/#website\"},\"datePublished\":\"2022-11-25T13:40:07+00:00\",\"dateModified\":\"2022-11-25T13:46:28+00:00\",\"breadcrumb\":{\"@id\":\"https:\/\/www.murielle-cahen.com\/a\/depot-de-marque\/#breadcrumb\"},\"inLanguage\":\"fr-FR\",\"potentialAction\":[{\"@type\":\"ReadAction\",\"target\":[\"https:\/\/www.murielle-cahen.com\/a\/depot-de-marque\/\"]}]},{\"@type\":\"BreadcrumbList\",\"@id\":\"https:\/\/www.murielle-cahen.com\/a\/depot-de-marque\/#breadcrumb\",\"itemListElement\":[{\"@type\":\"ListItem\",\"position\":1,\"name\":\"Accueil\",\"item\":\"https:\/\/www.murielle-cahen.com\/a\/\"},{\"@type\":\"ListItem\",\"position\":2,\"name\":\"D\u00e9p\u00f4t de Marque\"}]},{\"@type\":\"WebSite\",\"@id\":\"https:\/\/www.murielle-cahen.com\/a\/#website\",\"url\":\"https:\/\/www.murielle-cahen.com\/a\/\",\"name\":\"Avocats Murielle Cahen\",\"description\":\"Cabinet Avocat \u00e0 Paris\",\"potentialAction\":[{\"@type\":\"SearchAction\",\"target\":{\"@type\":\"EntryPoint\",\"urlTemplate\":\"https:\/\/www.murielle-cahen.com\/a\/?s={search_term_string}\"},\"query-input\":{\"@type\":\"PropertyValueSpecification\",\"valueRequired\":true,\"valueName\":\"search_term_string\"}}],\"inLanguage\":\"fr-FR\"}]}<\/script>\n<!-- \/ Yoast SEO plugin. -->","yoast_head_json":{"title":"D\u00e9p\u00f4t de Marque - Avocats Murielle Cahen","robots":{"index":"index","follow":"follow","max-snippet":"max-snippet:-1","max-image-preview":"max-image-preview:large","max-video-preview":"max-video-preview:-1"},"canonical":"https:\/\/www.murielle-cahen.com\/a\/depot-de-marque\/","og_locale":"fr_FR","og_type":"article","og_title":"D\u00e9p\u00f4t de Marque - Avocats Murielle Cahen","og_description":"La marque est le signe distinctif qui repr\u00e9sente vos produits ou services. Cela peut \u00eatre un nom ou un dessin. En prot\u00e9geant votre marque vous garantissez \u00e0 votre entreprise la bonne conduite de ses activit\u00e9s.Il est indispensable aujourd&#8217;hui pour prot\u00e9ger sa marque de la d\u00e9poser. En effet, il reste peu de pays qui reconnaissent un [&hellip;]","og_url":"https:\/\/www.murielle-cahen.com\/a\/depot-de-marque\/","og_site_name":"Avocats Murielle Cahen","article_modified_time":"2022-11-25T13:46:28+00:00","twitter_card":"summary_large_image","twitter_misc":{"Dur\u00e9e de lecture estim\u00e9e":"2 minutes"},"schema":{"@context":"https:\/\/schema.org","@graph":[{"@type":"WebPage","@id":"https:\/\/www.murielle-cahen.com\/a\/depot-de-marque\/","url":"https:\/\/www.murielle-cahen.com\/a\/depot-de-marque\/","name":"D\u00e9p\u00f4t de Marque - Avocats Murielle Cahen","isPartOf":{"@id":"https:\/\/www.murielle-cahen.com\/a\/#website"},"datePublished":"2022-11-25T13:40:07+00:00","dateModified":"2022-11-25T13:46:28+00:00","breadcrumb":{"@id":"https:\/\/www.murielle-cahen.com\/a\/depot-de-marque\/#breadcrumb"},"inLanguage":"fr-FR","potentialAction":[{"@type":"ReadAction","target":["https:\/\/www.murielle-cahen.com\/a\/depot-de-marque\/"]}]},{"@type":"BreadcrumbList","@id":"https:\/\/www.murielle-cahen.com\/a\/depot-de-marque\/#breadcrumb","itemListElement":[{"@type":"ListItem","position":1,"name":"Accueil","item":"https:\/\/www.murielle-cahen.com\/a\/"},{"@type":"ListItem","position":2,"name":"D\u00e9p\u00f4t de Marque"}]},{"@type":"WebSite","@id":"https:\/\/www.murielle-cahen.com\/a\/#website","url":"https:\/\/www.murielle-cahen.com\/a\/","name":"Avocats Murielle Cahen","description":"Cabinet Avocat \u00e0 Paris","potentialAction":[{"@type":"SearchAction","target":{"@type":"EntryPoint","urlTemplate":"https:\/\/www.murielle-cahen.com\/a\/?s={search_term_string}"},"query-input":{"@type":"PropertyValueSpecification","valueRequired":true,"valueName":"search_term_string"}}],"inLanguage":"fr-FR"}]}},"_links":{"self":[{"href":"https:\/\/www.murielle-cahen.com\/a\/wp-json\/wp\/v2\/pages\/1125","targetHints":{"allow":["GET"]}}],"collection":[{"href":"https:\/\/www.murielle-cahen.com\/a\/wp-json\/wp\/v2\/pages"}],"about":[{"href":"https:\/\/www.murielle-cahen.com\/a\/wp-json\/wp\/v2\/types\/page"}],"author":[{"embeddable":true,"href":"https:\/\/www.murielle-cahen.com\/a\/wp-json\/wp\/v2\/users\/2"}],"replies":[{"embeddable":true,"href":"https:\/\/www.murielle-cahen.com\/a\/wp-json\/wp\/v2\/comments?post=1125"}],"version-history":[{"count":4,"href":"https:\/\/www.murielle-cahen.com\/a\/wp-json\/wp\/v2\/pages\/1125\/revisions"}],"predecessor-version":[{"id":1131,"href":"https:\/\/www.murielle-cahen.com\/a\/wp-json\/wp\/v2\/pages\/1125\/revisions\/1131"}],"wp:attachment":[{"href":"https:\/\/www.murielle-cahen.com\/a\/wp-json\/wp\/v2\/media?parent=1125"}],"curies":[{"name":"wp","href":"https:\/\/api.w.org\/{rel}","templated":true}]}}